{"id":10952,"date":"2021-05-27T18:32:28","date_gmt":"2021-05-27T18:32:28","guid":{"rendered":"https:\/\/alfasolve.com\/alfasolve_web\/?page_id=10952"},"modified":"2023-10-05T14:49:57","modified_gmt":"2023-10-05T14:49:57","slug":"prodej-a-servis-vydejnich-automatu","status":"publish","type":"page","link":"https:\/\/alfasolve.com\/alfasolve_web\/prodej-a-servis-vydejnich-automatu\/","title":{"rendered":"V\u00fddejn\u00ed \/ prodejn\u00ed automaty"},"content":{"rendered":"<p>[et_pb_section fb_built=&#8221;1&#8243; next_background_color=&#8221;#ffffff&#8221; admin_label=&#8221;Hero&#8221; _builder_version=&#8221;4.9.4&#8243; use_background_color_gradient=&#8221;on&#8221; background_color_gradient_start=&#8221;#000000&#8243; background_color_gradient_end=&#8221;rgba(0,0,0,0.15)&#8221; background_color_gradient_direction=&#8221;70deg&#8221; background_color_gradient_overlays_image=&#8221;on&#8221; background_image=&#8221;https:\/\/alfasolve.com\/alfasolve_web\/wp-content\/uploads\/2021\/05\/DSC_4898.jpg&#8221; custom_margin=&#8221;|||&#8221; custom_padding=&#8221;6vw|||&#8221; bottom_divider_style=&#8221;mountains2&#8243; bottom_divider_height=&#8221;20vw&#8221; bottom_divider_repeat=&#8221;0.5x&#8221; bottom_divider_flip=&#8221;horizontal|vertical&#8221;][et_pb_row _builder_version=&#8221;3.25&#8243; custom_margin=&#8221;|||&#8221; custom_padding=&#8221;27px|0px|0|0px|false|false&#8221;][et_pb_column type=&#8221;4_4&#8243; _builder_version=&#8221;3.25&#8243; custom_padding=&#8221;|||&#8221; custom_padding__hover=&#8221;|||&#8221;][et_pb_post_title meta=&#8221;off&#8221; featured_image=&#8221;off&#8221; _builder_version=&#8221;4.9.4&#8243; _module_preset=&#8221;default&#8221; title_font=&#8221;Josefin Sans|500|||||||&#8221; title_text_color=&#8221;#FFFFFF&#8221; title_font_size=&#8221;60px&#8221; title_font_size_tablet=&#8221;45px&#8221; title_font_size_phone=&#8221;30px&#8221; title_font_size_last_edited=&#8221;on|desktop&#8221;][\/et_pb_post_title][\/et_pb_column][\/et_pb_row][et_pb_row use_custom_gutter=&#8221;on&#8221; gutter_width=&#8221;1&#8243; disabled_on=&#8221;on|off|off&#8221; module_class=&#8221; et_pb_row_fullwidth&#8221; _builder_version=&#8221;3.25&#8243; width=&#8221;100%&#8221; width_tablet=&#8221;100%&#8221; width_phone=&#8221;&#8221; width_last_edited=&#8221;on|desktop&#8221; max_width=&#8221;100%&#8221; max_width_tablet=&#8221;100%&#8221; max_width_phone=&#8221;&#8221; max_width_last_edited=&#8221;on|desktop&#8221; make_fullwidth=&#8221;on&#8221; locked=&#8221;off&#8221;][et_pb_column type=&#8221;4_4&#8243; _builder_version=&#8221;3.25&#8243; custom_padding=&#8221;|||&#8221; custom_padding__hover=&#8221;|||&#8221;][et_pb_text _builder_version=&#8221;4.9.4&#8243; text_font=&#8221;Josefin Sans|700||on|||||&#8221; text_text_color=&#8221;rgba(255,255,255,0.2)&#8221; text_font_size=&#8221;14vw&#8221; text_line_height=&#8221;1em&#8221; quote_font=&#8221;||||||||&#8221; header_font=&#8221;||||||||&#8221; custom_margin=&#8221;||-0.4em|&#8221; custom_padding=&#8221;|||&#8221; filter_blur=&#8221;7px&#8221; animation_style=&#8221;slide&#8221; animation_direction=&#8221;right&#8221; animation_duration=&#8221;10000ms&#8221; animation_intensity_slide=&#8221;10%&#8221; animation_starting_opacity=&#8221;40%&#8221; animation_speed_curve=&#8221;linear&#8221; text_font_size_tablet=&#8221;124px&#8221; text_font_size_phone=&#8221;90px&#8221; text_font_size_last_edited=&#8221;off|desktop&#8221;]<\/p>\n<p>Alfasolve<\/p>\n<p>[\/et_pb_text][\/et_pb_column][\/et_pb_row][\/et_pb_section][et_pb_section fb_built=&#8221;1&#8243; custom_padding_last_edited=&#8221;off|desktop&#8221; next_background_color=&#8221;#ffffff&#8221; admin_label=&#8221;Services&#8221; module_id=&#8221;services&#8221; _builder_version=&#8221;4.9.4&#8243; use_background_color_gradient=&#8221;on&#8221; background_color_gradient_start=&#8221;#ffffff&#8221; background_color_gradient_end=&#8221;#e0e0e0&#8243; background_color_gradient_start_position=&#8221;30%&#8221; custom_padding=&#8221;|||&#8221; bottom_divider_style=&#8221;mountains2&#8243; bottom_divider_repeat=&#8221;0.5x&#8221;][et_pb_row column_structure=&#8221;1_2,1_2&#8243; admin_label=&#8221;Content Area&#8221; _builder_version=&#8221;4.9.4&#8243;][et_pb_column type=&#8221;1_2&#8243; _builder_version=&#8221;3.25&#8243; custom_padding=&#8221;|||&#8221; custom_padding__hover=&#8221;|||&#8221;][et_pb_text ul_position=&#8221;inside&#8221; _builder_version=&#8221;4.9.4&#8243; text_font=&#8221;Open Sans||||||||&#8221; text_font_size=&#8221;18px&#8221; text_line_height=&#8221;1.8em&#8221; header_font=&#8221;||||||||&#8221; header_text_color=&#8221;rgba(0,0,0,0)&#8221; header_2_font=&#8221;Josefin Sans|700|||||||&#8221; header_2_font_size=&#8221;48px&#8221; header_2_line_height=&#8221;1.4em&#8221; header_3_font=&#8221;Josefin Sans|700||on|||||&#8221; header_3_text_color=&#8221;rgba(43,51,68,0.2)&#8221; max_width=&#8221;700px&#8221; module_alignment=&#8221;center&#8221; custom_margin=&#8221;|||&#8221; custom_padding=&#8221;|||&#8221; header_2_font_size_tablet=&#8221;&#8221; header_2_font_size_phone=&#8221;24px&#8221; header_2_font_size_last_edited=&#8221;on|phone&#8221; header_2_line_height_tablet=&#8221;1.4em&#8221; header_2_line_height_last_edited=&#8221;off|desktop&#8221; locked=&#8221;off&#8221;]<\/p>\n<p><span style=\"font-weight: 400;\">Navrhujeme \u0159e\u0161en\u00ed, prod\u00e1v\u00e1me a servisujeme prodejn\u00ed\/v\u00fddejn\u00ed automaty (nejen) pro potravin\u00e1\u0159sk\u00e9 v\u00fdrobky.<\/span><\/p>\n<p><span style=\"font-weight: 400;\">\u0158e\u0161en\u00ed p\u0159iprav\u00edme ka\u017ed\u00e9mu z\u00e1kazn\u00edkovi na m\u00edru p\u0159esn\u011b dle individu\u00e1ln\u00edch po\u017eadavk\u016f.\u00a0<\/span><\/p>\n<p><span style=\"font-weight: 400;\">Jsme schopni dodat v\u00fddejn\u00ed automaty jak pro potraviny, tak i jin\u00e9 zbo\u017e\u00ed, tekutiny i balen\u00e9 polo\u017eky, v kontrolovan\u00e9 teplot\u011b i b\u011b\u017en\u00e9 vn\u011bj\u0161\u00ed teplot\u011b.<\/span><\/p>\n<p>[\/et_pb_text][et_pb_button button_url=&#8221;https:\/\/www.vydejmat.cz\/&#8221; button_text=&#8221;VYDEJMAT.CZ&#8221; button_alignment=&#8221;left&#8221; _builder_version=&#8221;4.9.4&#8243; custom_button=&#8221;on&#8221; button_text_size=&#8221;14px&#8221; button_text_color=&#8221;#ffffff&#8221; button_bg_color=&#8221;#000000&#8243; button_border_width=&#8221;14px&#8221; button_border_color=&#8221;rgba(255,255,255,0)&#8221; button_border_radius=&#8221;0px&#8221; button_letter_spacing=&#8221;1px&#8221; button_font=&#8221;Josefin Sans|700||on|||||&#8221; custom_margin=&#8221;|||&#8221; custom_margin_tablet=&#8221;0px||0px|&#8221; custom_margin_phone=&#8221;||0px|&#8221; custom_margin_last_edited=&#8221;off|desktop&#8221; custom_padding=&#8221;|||&#8221; hover_enabled=&#8221;0&#8243; box_shadow_style=&#8221;preset3&#8243; box_shadow_blur=&#8221;30px&#8221; box_shadow_color=&#8221;rgba(0,0,0,0.16)&#8221; button_border_radius_hover=&#8221;0px&#8221; button_letter_spacing_hover=&#8221;1px&#8221; locked=&#8221;off&#8221; button_text_size__hover_enabled=&#8221;off&#8221; button_one_text_size__hover_enabled=&#8221;off&#8221; button_two_text_size__hover_enabled=&#8221;off&#8221; button_text_color__hover_enabled=&#8221;on|hover&#8221; button_one_text_color__hover_enabled=&#8221;off&#8221; button_two_text_color__hover_enabled=&#8221;off&#8221; button_border_width__hover_enabled=&#8221;off&#8221; button_one_border_width__hover_enabled=&#8221;off&#8221; button_two_border_width__hover_enabled=&#8221;off&#8221; button_border_color__hover_enabled=&#8221;off&#8221; button_one_border_color__hover_enabled=&#8221;off&#8221; button_two_border_color__hover_enabled=&#8221;off&#8221; button_border_radius__hover_enabled=&#8221;on&#8221; button_border_radius__hover=&#8221;0px&#8221; button_one_border_radius__hover_enabled=&#8221;off&#8221; button_two_border_radius__hover_enabled=&#8221;off&#8221; button_letter_spacing__hover_enabled=&#8221;on&#8221; button_letter_spacing__hover=&#8221;1px&#8221; button_one_letter_spacing__hover_enabled=&#8221;off&#8221; button_two_letter_spacing__hover_enabled=&#8221;off&#8221; button_bg_color__hover_enabled=&#8221;on|hover&#8221; button_one_bg_color__hover_enabled=&#8221;off&#8221; button_two_bg_color__hover_enabled=&#8221;off&#8221; button_bg_color__hover=&#8221;#000000&#8243; button_bg_enable_color__hover=&#8221;on&#8221; button_text_color__hover=&#8221;#000000&#8243; sticky_enabled=&#8221;0&#8243;][\/et_pb_button][\/et_pb_column][et_pb_column type=&#8221;1_2&#8243; _builder_version=&#8221;3.25&#8243; custom_padding=&#8221;|||&#8221; custom_padding__hover=&#8221;|||&#8221;][et_pb_text _builder_version=&#8221;4.9.4&#8243; _module_preset=&#8221;default&#8221;]\n\t\t<style type=\"text\/css\">\n\t\t\t#gallery-1 {\n\t\t\t\tmargin: auto;\n\t\t\t}\n\t\t\t#gallery-1 .gallery-item {\n\t\t\t\tfloat: left;\n\t\t\t\tmargin-top: 10px;\n\t\t\t\ttext-align: center;\n\t\t\t\twidth: 50%;\n\t\t\t}\n\t\t\t#gallery-1 img {\n\t\t\t\tborder: 2px solid #cfcfcf;\n\t\t\t}\n\t\t\t#gallery-1 .gallery-caption {\n\t\t\t\tmargin-left: 0;\n\t\t\t}\n\t\t\t\/* see gallery_shortcode() in wp-includes\/media.php *\/\n\t\t<\/style>\n\t\t<div id='gallery-1' class='gallery galleryid-10952 gallery-columns-2 gallery-size-medium'><dl class='gallery-item'>\n\t\t\t<dt class='gallery-icon portrait'>\n\t\t\t\t<a href='https:\/\/alfasolve.com\/alfasolve_web\/wp-content\/uploads\/2021\/05\/picture_mainpage2.png'><img loading=\"lazy\" decoding=\"async\" width=\"295\" height=\"300\" src=\"https:\/\/alfasolve.com\/alfasolve_web\/wp-content\/uploads\/2021\/05\/picture_mainpage2-295x300.png\" class=\"attachment-medium size-medium\" alt=\"\" \/><\/a>\n\t\t\t<\/dt><\/dl><dl class='gallery-item'>\n\t\t\t<dt class='gallery-icon portrait'>\n\t\t\t\t<a href='https:\/\/alfasolve.com\/alfasolve_web\/wp-content\/uploads\/2021\/05\/picture_mainpage1.png'><img loading=\"lazy\" decoding=\"async\" width=\"298\" height=\"300\" src=\"https:\/\/alfasolve.com\/alfasolve_web\/wp-content\/uploads\/2021\/05\/picture_mainpage1-298x300.png\" class=\"attachment-medium size-medium\" alt=\"\" \/><\/a>\n\t\t\t<\/dt><\/dl><br style=\"clear: both\" \/><dl class='gallery-item'>\n\t\t\t<dt class='gallery-icon portrait'>\n\t\t\t\t<a href='https:\/\/alfasolve.com\/alfasolve_web\/wp-content\/uploads\/2021\/05\/macelleria-automatica_4.jpg'><img loading=\"lazy\" decoding=\"async\" width=\"275\" height=\"300\" src=\"https:\/\/alfasolve.com\/alfasolve_web\/wp-content\/uploads\/2021\/05\/macelleria-automatica_4-275x300.jpg\" class=\"attachment-medium size-medium\" alt=\"\" \/><\/a>\n\t\t\t<\/dt><\/dl><dl class='gallery-item'>\n\t\t\t<dt class='gallery-icon portrait'>\n\t\t\t\t<a href='https:\/\/alfasolve.com\/alfasolve_web\/wp-content\/uploads\/2021\/05\/Macelleria-Automatica-3.jpg'><img loading=\"lazy\" decoding=\"async\" width=\"225\" height=\"300\" src=\"https:\/\/alfasolve.com\/alfasolve_web\/wp-content\/uploads\/2021\/05\/Macelleria-Automatica-3-225x300.jpg\" class=\"attachment-medium size-medium\" alt=\"\" \/><\/a>\n\t\t\t<\/dt><\/dl><br style=\"clear: both\" \/><dl class='gallery-item'>\n\t\t\t<dt class='gallery-icon portrait'>\n\t\t\t\t<a href='https:\/\/alfasolve.com\/alfasolve_web\/wp-content\/uploads\/2021\/05\/D-Frozen-BE-2.jpeg'><img loading=\"lazy\" decoding=\"async\" width=\"225\" height=\"300\" src=\"https:\/\/alfasolve.com\/alfasolve_web\/wp-content\/uploads\/2021\/05\/D-Frozen-BE-2-225x300.jpeg\" class=\"attachment-medium size-medium\" alt=\"\" \/><\/a>\n\t\t\t<\/dt><\/dl><dl class='gallery-item'>\n\t\t\t<dt class='gallery-icon portrait'>\n\t\t\t\t<a href='https:\/\/alfasolve.com\/alfasolve_web\/wp-content\/uploads\/2021\/05\/D-FRESH-SUSHI.jpg'><img loading=\"lazy\" decoding=\"async\" width=\"169\" height=\"300\" src=\"https:\/\/alfasolve.com\/alfasolve_web\/wp-content\/uploads\/2021\/05\/D-FRESH-SUSHI-169x300.jpg\" class=\"attachment-medium size-medium\" alt=\"\" \/><\/a>\n\t\t\t<\/dt><\/dl><br style=\"clear: both\" \/><dl class='gallery-item'>\n\t\t\t<dt class='gallery-icon portrait'>\n\t\t\t\t<a href='https:\/\/alfasolve.com\/alfasolve_web\/wp-content\/uploads\/2021\/05\/d-fresh-antiscasso_1.jpg'><img loading=\"lazy\" decoding=\"async\" width=\"225\" height=\"300\" src=\"https:\/\/alfasolve.com\/alfasolve_web\/wp-content\/uploads\/2021\/05\/d-fresh-antiscasso_1-225x300.jpg\" class=\"attachment-medium size-medium\" alt=\"\" \/><\/a>\n\t\t\t<\/dt><\/dl>\n\t\t\t<br style='clear: both' \/>\n\t\t<\/div>\n[\/et_pb_text][\/et_pb_column][\/et_pb_row][\/et_pb_section]<\/p>\n","protected":false},"excerpt":{"rendered":"<p>AlfasolveNavrhujeme \u0159e\u0161en\u00ed, prod\u00e1v\u00e1me a servisujeme prodejn\u00ed\/v\u00fddejn\u00ed automaty (nejen) pro potravin\u00e1\u0159sk\u00e9 v\u00fdrobky. \u0158e\u0161en\u00ed p\u0159iprav\u00edme ka\u017ed\u00e9mu z\u00e1kazn\u00edkovi na m\u00edru p\u0159esn\u011b dle individu\u00e1ln\u00edch po\u017eadavk\u016f.\u00a0 Jsme schopni dodat v\u00fddejn\u00ed automaty jak pro potraviny, tak i jin\u00e9 zbo\u017e\u00ed, tekutiny i balen\u00e9 polo\u017eky, v kontrolovan\u00e9 teplot\u011b i b\u011b\u017en\u00e9 vn\u011bj\u0161\u00ed teplot\u011b.\n\t\t<style type=\"text\/css\">\n\t\t\t#gallery-2 {\n\t\t\t\tmargin: auto;\n\t\t\t}\n\t\t\t#gallery-2 .gallery-item {\n\t\t\t\tfloat: left;\n\t\t\t\tmargin-top: 10px;\n\t\t\t\ttext-align: center;\n\t\t\t\twidth: 50%;\n\t\t\t}\n\t\t\t#gallery-2 img {\n\t\t\t\tborder: 2px solid #cfcfcf;\n\t\t\t}\n\t\t\t#gallery-2 .gallery-caption {\n\t\t\t\tmargin-left: 0;\n\t\t\t}\n\t\t\t\/* see gallery_shortcode() in wp-includes\/media.php *\/\n\t\t<\/style>\n\t\t<div id='gallery-2' class='gallery galleryid-10952 gallery-columns-2 gallery-size-medium'><dl class='gallery-item'>\n\t\t\t<dt class='gallery-icon portrait'>\n\t\t\t\t<a href='https:\/\/alfasolve.com\/alfasolve_web\/wp-content\/uploads\/2021\/05\/picture_mainpage2.png'><img width=\"295\" height=\"300\" src=\"https:\/\/alfasolve.com\/alfasolve_web\/wp-content\/uploads\/2021\/05\/picture_mainpage2-295x300.png\" class=\"attachment-medium size-medium\" alt=\"\" decoding=\"async\" loading=\"lazy\" \/><\/a>\n\t\t\t<\/dt><\/dl><dl class='gallery-item'>\n\t\t\t<dt class='gallery-icon portrait'>\n\t\t\t\t<a href='https:\/\/alfasolve.com\/alfasolve_web\/wp-content\/uploads\/2021\/05\/picture_mainpage1.png'><img width=\"298\" height=\"300\" src=\"https:\/\/alfasolve.com\/alfasolve_web\/wp-content\/uploads\/2021\/05\/picture_mainpage1-298x300.png\" class=\"attachment-medium size-medium\" alt=\"\" decoding=\"async\" loading=\"lazy\" \/><\/a>\n\t\t\t<\/dt><\/dl><br style=\"clear: both\" \/><dl class='gallery-item'>\n\t\t\t<dt class='gallery-icon portrait'>\n\t\t\t\t<a href='https:\/\/alfasolve.com\/alfasolve_web\/wp-content\/uploads\/2021\/05\/macelleria-automatica_4.jpg'><img width=\"275\" height=\"300\" src=\"https:\/\/alfasolve.com\/alfasolve_web\/wp-content\/uploads\/2021\/05\/macelleria-automatica_4-275x300.jpg\" class=\"attachment-medium size-medium\" alt=\"\" decoding=\"async\" loading=\"lazy\" \/><\/a>\n\t\t\t<\/dt><\/dl><dl class='gallery-item'>\n\t\t\t<dt class='gallery-icon portrait'>\n\t\t\t\t<a href='https:\/\/alfasolve.com\/alfasolve_web\/wp-content\/uploads\/2021\/05\/Macelleria-Automatica-3.jpg'><img width=\"225\" height=\"300\" src=\"https:\/\/alfasolve.com\/alfasolve_web\/wp-content\/uploads\/2021\/05\/Macelleria-Automatica-3-225x300.jpg\" class=\"attachment-medium size-medium\" alt=\"\" decoding=\"async\" loading=\"lazy\" \/><\/a>\n\t\t\t<\/dt><\/dl><br style=\"clear: both\" \/><dl class='gallery-item'>\n\t\t\t<dt class='gallery-icon portrait'>\n\t\t\t\t<a href='https:\/\/alfasolve.com\/alfasolve_web\/wp-content\/uploads\/2021\/05\/D-Frozen-BE-2.jpeg'><img width=\"225\" height=\"300\" src=\"https:\/\/alfasolve.com\/alfasolve_web\/wp-content\/uploads\/2021\/05\/D-Frozen-BE-2-225x300.jpeg\" class=\"attachment-medium size-medium\" alt=\"\" decoding=\"async\" loading=\"lazy\" \/><\/a>\n\t\t\t<\/dt><\/dl><dl class='gallery-item'>\n\t\t\t<dt class='gallery-icon portrait'>\n\t\t\t\t<a href='https:\/\/alfasolve.com\/alfasolve_web\/wp-content\/uploads\/2021\/05\/D-FRESH-SUSHI.jpg'><img width=\"169\" height=\"300\" src=\"https:\/\/alfasolve.com\/alfasolve_web\/wp-content\/uploads\/2021\/05\/D-FRESH-SUSHI-169x300.jpg\" class=\"attachment-medium size-medium\" alt=\"\" decoding=\"async\" loading=\"lazy\" \/><\/a>\n\t\t\t<\/dt><\/dl><br style=\"clear: both\" \/><dl class='gallery-item'>\n\t\t\t<dt class='gallery-icon portrait'>\n\t\t\t\t<a href='https:\/\/alfasolve.com\/alfasolve_web\/wp-content\/uploads\/2021\/05\/d-fresh-antiscasso_1.jpg'><img width=\"225\" height=\"300\" src=\"https:\/\/alfasolve.com\/alfasolve_web\/wp-content\/uploads\/2021\/05\/d-fresh-antiscasso_1-225x300.jpg\" class=\"attachment-medium size-medium\" alt=\"\" decoding=\"async\" loading=\"lazy\" \/><\/a>\n\t\t\t<\/dt><\/dl>\n\t\t\t<br style='clear: both' \/>\n\t\t<\/div>\n<\/p>\n","protected":false},"author":2,"featured_media":0,"parent":0,"menu_order":0,"comment_status":"closed","ping_status":"closed","template":"","meta":{"_et_pb_use_builder":"on","_et_pb_old_content":"","_et_gb_content_width":"","footnotes":""},"class_list":["post-10952","page","type-page","status-publish","hentry"],"_links":{"self":[{"href":"https:\/\/alfasolve.com\/alfasolve_web\/wp-json\/wp\/v2\/pages\/10952","targetHints":{"allow":["GET"]}}],"collection":[{"href":"https:\/\/alfasolve.com\/alfasolve_web\/wp-json\/wp\/v2\/pages"}],"about":[{"href":"https:\/\/alfasolve.com\/alfasolve_web\/wp-json\/wp\/v2\/types\/page"}],"author":[{"embeddable":true,"href":"https:\/\/alfasolve.com\/alfasolve_web\/wp-json\/wp\/v2\/users\/2"}],"replies":[{"embeddable":true,"href":"https:\/\/alfasolve.com\/alfasolve_web\/wp-json\/wp\/v2\/comments?post=10952"}],"version-history":[{"count":9,"href":"https:\/\/alfasolve.com\/alfasolve_web\/wp-json\/wp\/v2\/pages\/10952\/revisions"}],"predecessor-version":[{"id":11322,"href":"https:\/\/alfasolve.com\/alfasolve_web\/wp-json\/wp\/v2\/pages\/10952\/revisions\/11322"}],"wp:attachment":[{"href":"https:\/\/alfasolve.com\/alfasolve_web\/wp-json\/wp\/v2\/media?parent=10952"}],"curies":[{"name":"wp","href":"https:\/\/api.w.org\/{rel}","templated":true}]}}