{"id":10937,"date":"2021-05-27T18:18:02","date_gmt":"2021-05-27T18:18:02","guid":{"rendered":"https:\/\/alfasolve.com\/alfasolve_web\/?page_id=10937"},"modified":"2021-06-03T14:04:36","modified_gmt":"2021-06-03T14:04:36","slug":"gumova-tesneni","status":"publish","type":"page","link":"https:\/\/alfasolve.com\/alfasolve_web\/gumova-tesneni\/","title":{"rendered":"Gumov\u00e1 t\u011bsn\u011bn\u00ed"},"content":{"rendered":"<p>[et_pb_section fb_built=&#8221;1&#8243; next_background_color=&#8221;#ffffff&#8221; admin_label=&#8221;Hero&#8221; _builder_version=&#8221;4.9.4&#8243; use_background_color_gradient=&#8221;on&#8221; background_color_gradient_start=&#8221;#000000&#8243; background_color_gradient_end=&#8221;rgba(0,0,0,0.15)&#8221; background_color_gradient_direction=&#8221;70deg&#8221; background_color_gradient_overlays_image=&#8221;on&#8221; background_image=&#8221;https:\/\/alfasolve.com\/alfasolve_web\/wp-content\/uploads\/2021\/05\/DSC_4898.jpg&#8221; custom_margin=&#8221;|||&#8221; custom_padding=&#8221;6vw|||&#8221; bottom_divider_style=&#8221;mountains2&#8243; bottom_divider_height=&#8221;20vw&#8221; bottom_divider_repeat=&#8221;0.5x&#8221; bottom_divider_flip=&#8221;horizontal|vertical&#8221;][et_pb_row _builder_version=&#8221;3.25&#8243; custom_margin=&#8221;|||&#8221; custom_padding=&#8221;27px|0px|0|0px|false|false&#8221;][et_pb_column type=&#8221;4_4&#8243; _builder_version=&#8221;3.25&#8243; custom_padding=&#8221;|||&#8221; custom_padding__hover=&#8221;|||&#8221;][et_pb_post_title meta=&#8221;off&#8221; featured_image=&#8221;off&#8221; _builder_version=&#8221;4.9.4&#8243; _module_preset=&#8221;default&#8221; title_font=&#8221;Josefin Sans|500|||||||&#8221; title_text_color=&#8221;#FFFFFF&#8221; title_font_size=&#8221;60px&#8221; title_font_size_tablet=&#8221;45px&#8221; title_font_size_phone=&#8221;30px&#8221; title_font_size_last_edited=&#8221;on|desktop&#8221;][\/et_pb_post_title][\/et_pb_column][\/et_pb_row][et_pb_row use_custom_gutter=&#8221;on&#8221; gutter_width=&#8221;1&#8243; disabled_on=&#8221;on|off|off&#8221; module_class=&#8221; et_pb_row_fullwidth&#8221; _builder_version=&#8221;3.25&#8243; width=&#8221;100%&#8221; width_tablet=&#8221;100%&#8221; width_phone=&#8221;&#8221; width_last_edited=&#8221;on|desktop&#8221; max_width=&#8221;100%&#8221; max_width_tablet=&#8221;100%&#8221; max_width_phone=&#8221;&#8221; max_width_last_edited=&#8221;on|desktop&#8221; make_fullwidth=&#8221;on&#8221; locked=&#8221;off&#8221;][et_pb_column type=&#8221;4_4&#8243; _builder_version=&#8221;3.25&#8243; custom_padding=&#8221;|||&#8221; custom_padding__hover=&#8221;|||&#8221;][et_pb_text _builder_version=&#8221;4.9.4&#8243; text_font=&#8221;Josefin Sans|700||on|||||&#8221; text_text_color=&#8221;rgba(255,255,255,0.2)&#8221; text_font_size=&#8221;14vw&#8221; text_line_height=&#8221;1em&#8221; quote_font=&#8221;||||||||&#8221; header_font=&#8221;||||||||&#8221; custom_margin=&#8221;||-0.4em|&#8221; custom_padding=&#8221;|||&#8221; filter_blur=&#8221;7px&#8221; animation_style=&#8221;slide&#8221; animation_direction=&#8221;right&#8221; animation_duration=&#8221;10000ms&#8221; animation_intensity_slide=&#8221;10%&#8221; animation_starting_opacity=&#8221;40%&#8221; animation_speed_curve=&#8221;linear&#8221; text_font_size_tablet=&#8221;124px&#8221; text_font_size_phone=&#8221;90px&#8221; text_font_size_last_edited=&#8221;off|desktop&#8221;]<\/p>\n<p>Alfasolve<\/p>\n<p>[\/et_pb_text][\/et_pb_column][\/et_pb_row][\/et_pb_section][et_pb_section fb_built=&#8221;1&#8243; custom_padding_last_edited=&#8221;off|desktop&#8221; next_background_color=&#8221;#ffffff&#8221; admin_label=&#8221;Services&#8221; module_id=&#8221;services&#8221; _builder_version=&#8221;4.9.4&#8243; use_background_color_gradient=&#8221;on&#8221; background_color_gradient_start=&#8221;#ffffff&#8221; background_color_gradient_end=&#8221;#e0e0e0&#8243; background_color_gradient_start_position=&#8221;30%&#8221; custom_padding=&#8221;|||&#8221; bottom_divider_style=&#8221;mountains2&#8243; bottom_divider_repeat=&#8221;0.5x&#8221;][et_pb_row column_structure=&#8221;1_2,1_2&#8243; admin_label=&#8221;Content Area&#8221; _builder_version=&#8221;4.9.4&#8243;][et_pb_column type=&#8221;1_2&#8243; _builder_version=&#8221;3.25&#8243; custom_padding=&#8221;|||&#8221; custom_padding__hover=&#8221;|||&#8221;][et_pb_text ul_position=&#8221;inside&#8221; _builder_version=&#8221;4.9.4&#8243; text_font=&#8221;Open Sans||||||||&#8221; text_font_size=&#8221;18px&#8221; text_line_height=&#8221;1.8em&#8221; header_font=&#8221;||||||||&#8221; header_text_color=&#8221;rgba(0,0,0,0)&#8221; header_2_font=&#8221;Josefin Sans|700|||||||&#8221; header_2_font_size=&#8221;48px&#8221; header_2_line_height=&#8221;1.4em&#8221; header_3_font=&#8221;Josefin Sans|700||on|||||&#8221; header_3_text_color=&#8221;rgba(43,51,68,0.2)&#8221; max_width=&#8221;700px&#8221; module_alignment=&#8221;center&#8221; custom_margin=&#8221;|||&#8221; custom_padding=&#8221;|||&#8221; header_2_font_size_tablet=&#8221;&#8221; header_2_font_size_phone=&#8221;24px&#8221; header_2_font_size_last_edited=&#8221;on|phone&#8221; header_2_line_height_tablet=&#8221;1.4em&#8221; header_2_line_height_last_edited=&#8221;off|desktop&#8221; locked=&#8221;off&#8221;]<\/p>\n<p><b>O-krou\u017eky a radi\u00e1ln\u00ed t\u011bsn\u011bn\u00ed<\/b><\/p>\n<p><span style=\"font-weight: 400;\">Jsme distributorem kvalitn\u00edch o-krou\u017ek\u016f, speci\u00e1ln\u00edch radi\u00e1ln\u00edch t\u011bsn\u011bn\u00ed dle po\u017eadavk\u016f z\u00e1kzn\u00edka.<\/span><\/p>\n<p><span style=\"font-weight: 400;\">Vstupn\u00ed materi\u00e1l pro v\u00fdrobu je nakupov\u00e1n od zn\u00e1m\u00fdch Evropsk\u00fdch v\u00fdrobc\u016f a t\u011bsn\u011bn\u00ed jsou v souladu s po\u017eadavky z\u00e1kazn\u00edka nebo dle DIN EN 3760. V p\u0159\u00edpad\u011b po\u017eadavku jsme schopni zajistit 100% v\u00fdstupn\u00ed kontrolu.<\/span><\/p>\n<p><span style=\"font-weight: 400;\">Skladem m\u00e1me \u0161irok\u00e9 portfolio standartn\u00ed rozm\u011br\u016f o-krou\u017ek\u016f v r\u016fzn\u00fdch materi\u00e1lech (NBR, MVQ, FKM, HNBR or EPDM). Dostupn\u00e9 v rozmez\u00ed 2-3dny (dle po\u017eadavku a mno\u017estv\u00ed).<\/span><\/p>\n<p><span style=\"font-weight: 400;\">Skladem je tak\u00e9 v\u00edce ne\u017e 3000 krou\u017ek\u016f NBR a FKM.<\/span><\/p>\n<p><span style=\"font-weight: 400;\">Skladem je t\u00e9m\u011b\u0159 2000 r\u016fzn\u00fdch druh\u016f origin\u00e1ln\u00edch modr\u00fdch Simmering krou\u017ek\u016f. Takt\u00e9\u017e mnoho druh\u016f hydraulick\u00fdch t\u011bsn\u011bn\u00ed Freunderberg &#8211; MERKEL je dostupn\u00fdch ze skladov\u00fdch z\u00e1sob.<\/span><\/p>\n<p><span style=\"font-weight: 400;\">T\u011bsn\u011bn\u00ed distribujeme do cca 20 zem\u00ed. Na\u0161i hlavn\u00ed klienti se rekrutuj\u00ed z pr\u016fmyslov\u00fdch spole\u010dnost\u00ed, osobn\u00edho a n\u00e1kladn\u00edho automobilov\u00e9ho pr\u016fmyslu a servisn\u00edch organizac\u00ed\u2026.<\/span><\/p>\n<p><span style=\"font-weight: 400;\"><strong>Pru\u017en\u00e1 PTFE t\u011bsn\u011bn\u00ed<\/strong>\u00a0<\/span><\/p>\n<p><span style=\"font-weight: 400;\">Ceny t\u011bchto t\u011bsn\u011bn\u00ed jsou v\u00edce ne\u017e dvojn\u00e1sobn\u00e9 oproti standartn\u00edm t\u011bsn\u011bn\u00edm. I tato t\u011bsn\u011bn\u00ed jsou dostupn\u00e1 z na\u0161ich skladov\u00fdch z\u00e1sob v r\u00e1mci n\u011bkolika dn\u00ed.<\/span><\/p>\n<p><span style=\"font-weight: 400;\">Dod\u00e1v\u00e1me jak v rol\u00edch pro pot\u0159eby velk\u00fdch klient\u016f, tak i v mal\u00fdch balen\u00edch dle individu\u00e1ln\u00ed pot\u0159eby z\u00e1kazn\u00edka.<\/span><\/p>\n<p><span style=\"font-weight: 400;\">PTFE (<\/span><span style=\"font-weight: 400;\">Polytetrafluorethylene) je materi\u00e1l s minim\u00e1ln\u00edm koeficientem t\u0159en\u00ed a lze ho pou\u017e\u00edt pro vysoce n\u00e1ro\u010dn\u00e1 \u0159e\u0161en\u00ed olejov\u00e9ho t\u011bsn\u011bn\u00ed.<\/span><\/p>\n<p><span style=\"font-weight: 400;\">Krou\u017eky s PTFE povrchovou \u00fapravou, v porovn\u00e1n\u00ed se standardn\u00edmi krou\u017eky, vynikaj\u00ed v mnoha sm\u011brech a maj\u00ed del\u0161\u00ed \u017eivotnost.<\/span><\/p>\n<ul>\n<li style=\"font-weight: 400;\" aria-level=\"1\"><span style=\"font-weight: 400;\">d\u00edky ni\u017e\u0161\u00edmu koeficientu t\u0159en\u00ed tyto krou\u017eky vytv\u00e1\u0159\u00ed ni\u017e\u0161\u00ed teplotu a mohou b\u00fdt pou\u017eity i v \u0159e\u0161en\u00ed s vy\u0161\u0161\u00edmi teplotami<\/span><\/li>\n<li style=\"font-weight: 400;\" aria-level=\"1\"><span style=\"font-weight: 400;\">ni\u017e\u0161\u00ed frik\u010dn\u00ed koeficient takt\u00e9\u017e umo\u017e\u0148uje sn\u00ed\u017een\u00ed energetick\u00e9 n\u00e1ro\u010dnosti<\/span><\/li>\n<li style=\"font-weight: 400;\" aria-level=\"1\"><span style=\"font-weight: 400;\">v p\u0159\u00edpad\u011b nedostate\u010dn\u00e9ho maz\u00e1n\u00ed poskytuj\u00ed vy\u0161\u0161\u00ed odolnost a del\u0161\u00ed \u017eivotnost<\/span><\/li>\n<\/ul>\n<p><span style=\"font-weight: 400;\">\u00a0<\/span><\/p>\n<p><b>Silentbloky \/ pry\u017eov\u00e9 dorazy<\/b><\/p>\n<p><span style=\"font-weight: 400;\">Nab\u00edz\u00edme r\u016fzn\u00e9 druhy silentblok\u016f v r\u016fzn\u00e9 velikosti a tvaru.<\/span><\/p>\n<p><span style=\"font-weight: 400;\">Mimo standardn\u00edch 5 typ\u016f jsme schopni dodat i silentbloky v parabolick\u00e9m, z\u016f\u017een\u00e9m, kruhov\u00e9m i jin\u00e9m tvaru.\u00a0<\/span><\/p>\n<p><span style=\"font-weight: 400;\">Pokud hled\u00e1te jin\u00e9 tvary, m\u016f\u017eete n\u00e1s kontaktovat na e-mail.<\/span><\/p>\n<p>[\/et_pb_text][et_pb_text _builder_version=&#8221;4.9.4&#8243; _module_preset=&#8221;default&#8221;]<\/p>\n<p><strong>Silentbloky<\/strong><\/p>\n<p><a target=\"_blank\" href=\"https:\/\/alfasolve.com\/alfasolve_web\/wp-content\/uploads\/2021\/05\/dumpers_list1.png\" rel=\"noopener\"><img loading=\"lazy\" decoding=\"async\" src=\"https:\/\/alfasolve.com\/alfasolve_web\/wp-content\/uploads\/2021\/05\/dumpers_list1-230x300.png\" width=\"230\" height=\"300\" alt=\"\" class=\"wp-image-11030 alignnone size-medium\" \/><\/a> <a target=\"_blank\" href=\"https:\/\/alfasolve.com\/alfasolve_web\/wp-content\/uploads\/2021\/05\/dumpers_list2.png\" rel=\"noopener\"><img loading=\"lazy\" decoding=\"async\" src=\"https:\/\/alfasolve.com\/alfasolve_web\/wp-content\/uploads\/2021\/05\/dumpers_list2-259x300.png\" width=\"259\" height=\"300\" alt=\"\" class=\"wp-image-11029 alignnone size-medium\" \/><\/a><\/p>\n<p>[\/et_pb_text][et_pb_button button_url=&#8221;https:\/\/alfasolve.com\/alfasolve_web\/cs\/kontakt\/&#8221; button_text=&#8221;Napi\u0161te n\u00e1m&#8221; button_alignment=&#8221;left&#8221; _builder_version=&#8221;4.9.4&#8243; custom_button=&#8221;on&#8221; button_text_size=&#8221;14px&#8221; button_text_color=&#8221;#ffffff&#8221; button_bg_color=&#8221;#EF3000&#8243; button_border_width=&#8221;14px&#8221; button_border_color=&#8221;rgba(255,255,255,0)&#8221; button_border_radius=&#8221;0px&#8221; button_letter_spacing=&#8221;1px&#8221; button_font=&#8221;Josefin Sans|700||on|||||&#8221; custom_margin=&#8221;|||&#8221; custom_margin_tablet=&#8221;0px||0px|&#8221; custom_margin_phone=&#8221;||0px|&#8221; custom_margin_last_edited=&#8221;off|desktop&#8221; custom_padding=&#8221;|||&#8221; hover_enabled=&#8221;0&#8243; box_shadow_style=&#8221;preset3&#8243; box_shadow_blur=&#8221;30px&#8221; box_shadow_color=&#8221;rgba(0,0,0,0.16)&#8221; button_border_radius_hover=&#8221;0px&#8221; button_letter_spacing_hover=&#8221;1px&#8221; locked=&#8221;off&#8221; button_text_size__hover_enabled=&#8221;off&#8221; button_one_text_size__hover_enabled=&#8221;off&#8221; button_two_text_size__hover_enabled=&#8221;off&#8221; button_text_color__hover_enabled=&#8221;on|hover&#8221; button_one_text_color__hover_enabled=&#8221;off&#8221; button_two_text_color__hover_enabled=&#8221;off&#8221; button_border_width__hover_enabled=&#8221;off&#8221; button_one_border_width__hover_enabled=&#8221;off&#8221; button_two_border_width__hover_enabled=&#8221;off&#8221; button_border_color__hover_enabled=&#8221;off&#8221; button_one_border_color__hover_enabled=&#8221;off&#8221; button_two_border_color__hover_enabled=&#8221;off&#8221; button_border_radius__hover_enabled=&#8221;on&#8221; button_border_radius__hover=&#8221;0px&#8221; button_one_border_radius__hover_enabled=&#8221;off&#8221; button_two_border_radius__hover_enabled=&#8221;off&#8221; button_letter_spacing__hover_enabled=&#8221;on&#8221; button_letter_spacing__hover=&#8221;1px&#8221; button_one_letter_spacing__hover_enabled=&#8221;off&#8221; button_two_letter_spacing__hover_enabled=&#8221;off&#8221; button_bg_color__hover_enabled=&#8221;on|hover&#8221; button_one_bg_color__hover_enabled=&#8221;off&#8221; button_two_bg_color__hover_enabled=&#8221;off&#8221; button_bg_color__hover=&#8221;#FFFFFF&#8221; button_bg_enable_color__hover=&#8221;on&#8221; button_text_color__hover=&#8221;#EF3000&#8243; sticky_enabled=&#8221;0&#8243;][\/et_pb_button][\/et_pb_column][et_pb_column type=&#8221;1_2&#8243; _builder_version=&#8221;3.25&#8243; custom_padding=&#8221;|||&#8221; custom_padding__hover=&#8221;|||&#8221;][et_pb_text _builder_version=&#8221;4.9.4&#8243; _module_preset=&#8221;default&#8221;]\n\t\t<style type=\"text\/css\">\n\t\t\t#gallery-1 {\n\t\t\t\tmargin: auto;\n\t\t\t}\n\t\t\t#gallery-1 .gallery-item {\n\t\t\t\tfloat: left;\n\t\t\t\tmargin-top: 10px;\n\t\t\t\ttext-align: center;\n\t\t\t\twidth: 50%;\n\t\t\t}\n\t\t\t#gallery-1 img {\n\t\t\t\tborder: 2px solid #cfcfcf;\n\t\t\t}\n\t\t\t#gallery-1 .gallery-caption {\n\t\t\t\tmargin-left: 0;\n\t\t\t}\n\t\t\t\/* see gallery_shortcode() in wp-includes\/media.php *\/\n\t\t<\/style>\n\t\t<div id='gallery-1' class='gallery galleryid-10937 gallery-columns-2 gallery-size-medium'><dl class='gallery-item'>\n\t\t\t<dt class='gallery-icon landscape'>\n\t\t\t\t<a href='https:\/\/alfasolve.com\/alfasolve_web\/wp-content\/uploads\/2021\/05\/seal2.png'><img loading=\"lazy\" decoding=\"async\" width=\"300\" height=\"269\" src=\"https:\/\/alfasolve.com\/alfasolve_web\/wp-content\/uploads\/2021\/05\/seal2-300x269.png\" class=\"attachment-medium size-medium\" alt=\"\" srcset=\"https:\/\/alfasolve.com\/alfasolve_web\/wp-content\/uploads\/2021\/05\/seal2-300x269.png 300w, https:\/\/alfasolve.com\/alfasolve_web\/wp-content\/uploads\/2021\/05\/seal2.png 312w\" sizes=\"(max-width: 300px) 100vw, 300px\" \/><\/a>\n\t\t\t<\/dt><\/dl><dl class='gallery-item'>\n\t\t\t<dt class='gallery-icon landscape'>\n\t\t\t\t<a href='https:\/\/alfasolve.com\/alfasolve_web\/wp-content\/uploads\/2021\/05\/seal3.png'><img loading=\"lazy\" decoding=\"async\" width=\"300\" height=\"269\" src=\"https:\/\/alfasolve.com\/alfasolve_web\/wp-content\/uploads\/2021\/05\/seal3-300x269.png\" class=\"attachment-medium size-medium\" alt=\"\" srcset=\"https:\/\/alfasolve.com\/alfasolve_web\/wp-content\/uploads\/2021\/05\/seal3-300x269.png 300w, https:\/\/alfasolve.com\/alfasolve_web\/wp-content\/uploads\/2021\/05\/seal3.png 377w\" sizes=\"(max-width: 300px) 100vw, 300px\" \/><\/a>\n\t\t\t<\/dt><\/dl><br style=\"clear: both\" \/><dl class='gallery-item'>\n\t\t\t<dt class='gallery-icon landscape'>\n\t\t\t\t<a href='https:\/\/alfasolve.com\/alfasolve_web\/wp-content\/uploads\/2021\/05\/seal1.png'><img loading=\"lazy\" decoding=\"async\" width=\"253\" height=\"187\" src=\"https:\/\/alfasolve.com\/alfasolve_web\/wp-content\/uploads\/2021\/05\/seal1.png\" class=\"attachment-medium size-medium\" alt=\"\" \/><\/a>\n\t\t\t<\/dt><\/dl>\n\t\t\t<br style='clear: both' \/>\n\t\t<\/div>\n[\/et_pb_text][et_pb_text _builder_version=&#8221;4.9.4&#8243; _module_preset=&#8221;default&#8221; custom_margin=&#8221;||236px|||&#8221;][\/et_pb_text][et_pb_text _builder_version=&#8221;4.9.4&#8243; _module_preset=&#8221;default&#8221;]\n\t\t<style type=\"text\/css\">\n\t\t\t#gallery-2 {\n\t\t\t\tmargin: auto;\n\t\t\t}\n\t\t\t#gallery-2 .gallery-item {\n\t\t\t\tfloat: left;\n\t\t\t\tmargin-top: 10px;\n\t\t\t\ttext-align: center;\n\t\t\t\twidth: 50%;\n\t\t\t}\n\t\t\t#gallery-2 img {\n\t\t\t\tborder: 2px solid #cfcfcf;\n\t\t\t}\n\t\t\t#gallery-2 .gallery-caption {\n\t\t\t\tmargin-left: 0;\n\t\t\t}\n\t\t\t\/* see gallery_shortcode() in wp-includes\/media.php *\/\n\t\t<\/style>\n\t\t<div id='gallery-2' class='gallery galleryid-10937 gallery-columns-2 gallery-size-medium'><dl class='gallery-item'>\n\t\t\t<dt class='gallery-icon landscape'>\n\t\t\t\t<a href='https:\/\/alfasolve.com\/alfasolve_web\/wp-content\/uploads\/2021\/05\/PTFE_edge_oil-seal.png'><img loading=\"lazy\" decoding=\"async\" width=\"300\" height=\"281\" src=\"https:\/\/alfasolve.com\/alfasolve_web\/wp-content\/uploads\/2021\/05\/PTFE_edge_oil-seal-300x281.png\" class=\"attachment-medium size-medium\" alt=\"\" srcset=\"https:\/\/alfasolve.com\/alfasolve_web\/wp-content\/uploads\/2021\/05\/PTFE_edge_oil-seal-300x281.png 300w, https:\/\/alfasolve.com\/alfasolve_web\/wp-content\/uploads\/2021\/05\/PTFE_edge_oil-seal.png 371w\" sizes=\"(max-width: 300px) 100vw, 300px\" \/><\/a>\n\t\t\t<\/dt><\/dl>\n\t\t\t<br style='clear: both' \/>\n\t\t<\/div>\n[\/et_pb_text][et_pb_text _builder_version=&#8221;4.9.4&#8243; _module_preset=&#8221;default&#8221; custom_margin=&#8221;||233px|||&#8221;][\/et_pb_text][et_pb_text _builder_version=&#8221;4.9.4&#8243; _module_preset=&#8221;default&#8221;]\n\t\t<style type=\"text\/css\">\n\t\t\t#gallery-3 {\n\t\t\t\tmargin: auto;\n\t\t\t}\n\t\t\t#gallery-3 .gallery-item {\n\t\t\t\tfloat: left;\n\t\t\t\tmargin-top: 10px;\n\t\t\t\ttext-align: center;\n\t\t\t\twidth: 50%;\n\t\t\t}\n\t\t\t#gallery-3 img {\n\t\t\t\tborder: 2px solid #cfcfcf;\n\t\t\t}\n\t\t\t#gallery-3 .gallery-caption {\n\t\t\t\tmargin-left: 0;\n\t\t\t}\n\t\t\t\/* see gallery_shortcode() in wp-includes\/media.php *\/\n\t\t<\/style>\n\t\t<div id='gallery-3' class='gallery galleryid-10937 gallery-columns-2 gallery-size-medium'><dl class='gallery-item'>\n\t\t\t<dt class='gallery-icon landscape'>\n\t\t\t\t<a href='https:\/\/alfasolve.com\/alfasolve_web\/wp-content\/uploads\/2021\/05\/dumper2.jpg'><img loading=\"lazy\" decoding=\"async\" width=\"240\" height=\"210\" src=\"https:\/\/alfasolve.com\/alfasolve_web\/wp-content\/uploads\/2021\/05\/dumper2.jpg\" class=\"attachment-medium size-medium\" alt=\"\" \/><\/a>\n\t\t\t<\/dt><\/dl><dl class='gallery-item'>\n\t\t\t<dt class='gallery-icon landscape'>\n\t\t\t\t<a href='https:\/\/alfasolve.com\/alfasolve_web\/wp-content\/uploads\/2021\/05\/dumper1.png'><img loading=\"lazy\" decoding=\"async\" width=\"300\" height=\"286\" src=\"https:\/\/alfasolve.com\/alfasolve_web\/wp-content\/uploads\/2021\/05\/dumper1-300x286.png\" class=\"attachment-medium size-medium\" alt=\"\" \/><\/a>\n\t\t\t<\/dt><\/dl><br style=\"clear: both\" \/>\n\t\t<\/div>\n[\/et_pb_text][\/et_pb_column][\/et_pb_row][\/et_pb_section]<\/p>\n","protected":false},"excerpt":{"rendered":"<p>AlfasolveO-krou\u017eky a radi\u00e1ln\u00ed t\u011bsn\u011bn\u00ed Jsme distributorem kvalitn\u00edch o-krou\u017ek\u016f, speci\u00e1ln\u00edch radi\u00e1ln\u00edch t\u011bsn\u011bn\u00ed dle po\u017eadavk\u016f z\u00e1kzn\u00edka. Vstupn\u00ed materi\u00e1l pro v\u00fdrobu je nakupov\u00e1n od zn\u00e1m\u00fdch Evropsk\u00fdch v\u00fdrobc\u016f a t\u011bsn\u011bn\u00ed jsou v souladu s po\u017eadavky z\u00e1kazn\u00edka nebo dle DIN EN 3760. V p\u0159\u00edpad\u011b po\u017eadavku jsme schopni zajistit 100% v\u00fdstupn\u00ed kontrolu. Skladem m\u00e1me \u0161irok\u00e9 portfolio standartn\u00ed rozm\u011br\u016f o-krou\u017ek\u016f v r\u016fzn\u00fdch [&hellip;]<\/p>\n","protected":false},"author":2,"featured_media":0,"parent":0,"menu_order":0,"comment_status":"closed","ping_status":"closed","template":"","meta":{"_et_pb_use_builder":"on","_et_pb_old_content":"","_et_gb_content_width":"","footnotes":""},"class_list":["post-10937","page","type-page","status-publish","hentry"],"_links":{"self":[{"href":"https:\/\/alfasolve.com\/alfasolve_web\/wp-json\/wp\/v2\/pages\/10937","targetHints":{"allow":["GET"]}}],"collection":[{"href":"https:\/\/alfasolve.com\/alfasolve_web\/wp-json\/wp\/v2\/pages"}],"about":[{"href":"https:\/\/alfasolve.com\/alfasolve_web\/wp-json\/wp\/v2\/types\/page"}],"author":[{"embeddable":true,"href":"https:\/\/alfasolve.com\/alfasolve_web\/wp-json\/wp\/v2\/users\/2"}],"replies":[{"embeddable":true,"href":"https:\/\/alfasolve.com\/alfasolve_web\/wp-json\/wp\/v2\/comments?post=10937"}],"version-history":[{"count":6,"href":"https:\/\/alfasolve.com\/alfasolve_web\/wp-json\/wp\/v2\/pages\/10937\/revisions"}],"predecessor-version":[{"id":11169,"href":"https:\/\/alfasolve.com\/alfasolve_web\/wp-json\/wp\/v2\/pages\/10937\/revisions\/11169"}],"wp:attachment":[{"href":"https:\/\/alfasolve.com\/alfasolve_web\/wp-json\/wp\/v2\/media?parent=10937"}],"curies":[{"name":"wp","href":"https:\/\/api.w.org\/{rel}","templated":true}]}}